{"id":3,"date":"2024-10-23T17:12:53","date_gmt":"2024-10-23T17:12:53","guid":{"rendered":"https:\/\/matt-pro.si\/?page_id=3"},"modified":"2025-04-02T18:25:39","modified_gmt":"2025-04-02T18:25:39","slug":"pravila-zasebnosti","status":"publish","type":"page","link":"https:\/\/matt-pro.si\/de\/pravila-zasebnosti\/","title":{"rendered":"Datenschutzrichtlinien"},"content":{"rendered":"\t\t<div data-elementor-type=\"wp-page\" data-elementor-id=\"3\" class=\"elementor elementor-3\" data-elementor-post-type=\"page\">\n\t\t\t\t<div class=\"elementor-element elementor-element-628a1a10 e-flex e-con-boxed e-con e-parent\" data-id=\"628a1a10\" data-element_type=\"container\" data-e-type=\"container\">\n\t\t\t\t\t<div class=\"e-con-inner\">\n\t\t\t\t<div class=\"elementor-element elementor-element-19fc7d9b exad-sticky-section-no exad-glass-effect-no elementor-widget elementor-widget-text-editor\" data-id=\"19fc7d9b\" data-element_type=\"widget\" data-e-type=\"widget\" data-widget_type=\"text-editor.default\">\n\t\t\t\t<div class=\"elementor-widget-container\">\n\t\t\t\t\t\t\t\t\t\n<p data-start=\"75\" data-end=\"97\"><strong data-start=\"75\" data-end=\"97\">Pravila zasebnosti<\/strong><\/p>\n<p data-start=\"99\" data-end=\"367\">Va\u0161a zasebnost nam je zelo pomembna. V tem dokumentu vam pojasnjujemo, kako zbiramo, uporabljamo in za\u0161\u010ditimo va\u0161e osebne podatke ob obisku na\u0161e spletne strani. Prosimo, da si preberete to politiko zasebnosti, da boste razumeli, kako ravnamo z va\u0161imi osebnimi podatki.<\/p>\n<h3 class=\"wp-block-heading\" data-start=\"369\" data-end=\"387\">Kdo smo<\/h3>\n<p data-start=\"388\" data-end=\"453\">Na\u0161a spletna stran je <a href=\"https:\/\/matt-pro.si\" target=\"_new\" rel=\"noopener\" data-start=\"410\" data-end=\"452\">https:\/\/matt-pro.si<\/a>.<\/p>\n<h3 data-start=\"455\" data-end=\"491\">Zbiranje osebnih podatkov<\/h3>\n<p data-start=\"492\" data-end=\"689\">Zbiramo osebne podatke, ki jih prostovoljno posredujete ob uporabi na\u0161e spletne strani, kot so ime, e-po\u0161tni naslov, IP naslov in drugi podatki, potrebni za zagotavljanje storitev, ki jih ponujamo.<\/p>\n<ul data-start=\"691\" data-end=\"1660\">\n<li data-start=\"691\" data-end=\"1116\">\n<p data-start=\"693\" data-end=\"1116\"><strong data-start=\"693\" data-end=\"707\">Komentarji<\/strong>: Ko pustite komentar na na\u0161i spletni strani, zbiramo podatke, ki jih posredujete v obrazcu za komentarje, vklju\u010dno z va\u0161im IP naslovom in uporabni\u0161kim agentom brskalnika za pomo\u010d pri zaznavanju neza\u017eelene po\u0161te. Anonimiziran niz (hash) iz va\u0161ega e-po\u0161tnega naslova se lahko posreduje storitvi Gravatar, da preverimo, ali jo uporabljate. Va\u0161a profilna slika bo vidna v okviru va\u0161ega komentarja, \u010de je odobren.<\/p>\n<\/li>\n<li data-start=\"1118\" data-end=\"1344\">\n<p data-start=\"1120\" data-end=\"1344\"><strong data-start=\"1120\" data-end=\"1130\">Mediji<\/strong>: \u010ce nalagate slike na na\u0161o spletno stran, se izogibajte nalaganju slik, ki vsebujejo vgrajene podatke o lokaciji (EXIF GPS). Obiskovalci na\u0161e spletne strani lahko prenesejo in izvle\u010dejo podatke o lokaciji iz slik.<\/p>\n<\/li>\n<li data-start=\"1346\" data-end=\"1660\">\n<p data-start=\"1348\" data-end=\"1660\"><strong data-start=\"1348\" data-end=\"1360\">Pi\u0161kotki<\/strong>: \u010ce pustite komentar na na\u0161i spletni strani, se lahko odlo\u010dite za shranjevanje va\u0161ega imena, e-po\u0161tnega naslova in spletne strani v pi\u0161kotkih. Ti pi\u0161kotki trajajo eno leto. Ko se prijavite na spletno stran, bomo nastavili ve\u010d pi\u0161kotkov za shranjevanje va\u0161ih prijavnih podatkov in nastavitev zaslona.<\/p>\n<\/li>\n<\/ul>\n<h3 data-start=\"1662\" data-end=\"1697\">Uporaba osebnih podatkov<\/h3>\n<p data-start=\"1698\" data-end=\"1766\">Zbrane osebne podatke uporabljamo za zagotavljanje storitev, kot so:<\/p>\n<ul data-start=\"1767\" data-end=\"2043\">\n<li data-start=\"1767\" data-end=\"1800\">Obdelava in objava komentarjev.<\/li>\n<li data-start=\"1801\" data-end=\"1857\">Omogo\u010danje prijave in shranjevanje nastavitve zaslona.<\/li>\n<li data-start=\"1858\" data-end=\"1904\">Prilagajanje vsebine na na\u0161i spletni strani.<\/li>\n<li data-start=\"1905\" data-end=\"2043\">Po\u0161iljanje e-po\u0161tnih obvestil v zvezi z va\u0161imi dejanji na spletni strani (npr. obvestila o komentarjih, spremembah v va\u0161i prijavi itd.).<\/li>\n<\/ul>\n<h3 data-start=\"2045\" data-end=\"2064\">Pi\u0161kotki<\/h3>\n<p data-start=\"2065\" data-end=\"2344\">Na\u0161a spletna stran uporablja pi\u0161kotke, ki izbolj\u0161ajo va\u0161o uporabni\u0161ko izku\u0161njo. Pi\u0161kotke uporabljamo za analizo prometa, personalizacijo vsebine, zagotavljanje varne prijave in za druge namene. Za podrobnosti o pi\u0161kotkih, ki jih uporabljamo, si oglejte na\u0161o [Politiko pi\u0161kotkov].<\/p>\n<h3 data-start=\"2346\" data-end=\"2382\">Deljenje osebnih podatkov<\/h3>\n<p data-start=\"2383\" data-end=\"2468\">Va\u0161ih osebnih podatkov ne bomo delili z tretjimi osebami, razen \u010de je to potrebno za:<\/p>\n<ul data-start=\"2469\" data-end=\"2583\">\n<li data-start=\"2469\" data-end=\"2512\">Izpolnjevanje na\u0161ih zakonskih obveznosti.<\/li>\n<li data-start=\"2513\" data-end=\"2548\">Za\u0161\u010dito na\u0161ih pravic in lastnine.<\/li>\n<li data-start=\"2549\" data-end=\"2583\">Prepre\u010devanje zlorab ali prevar.<\/li>\n<\/ul>\n<p data-start=\"2585\" data-end=\"2689\">V primeru zahteve za ponastavitev gesla, bo va\u0161 IP naslov vklju\u010den v e-po\u0161tno sporo\u010dilo za ponastavitev.<\/p>\n<h3 data-start=\"2691\" data-end=\"2733\">Kako dolgo hranimo va\u0161e podatke<\/h3>\n<p data-start=\"2734\" data-end=\"3047\">Va\u0161e osebne podatke hranimo toliko \u010dasa, kot je potrebno za izpolnitev namenov, za katere so bili zbrani. \u010ce pustite komentar, se komentar in njegovi metapodatki hranijo neskon\u010dno. Za uporabnike, ki se registrirajo na na\u0161i spletni strani, hranimo osebne podatke, ki jih posredujejo v svojih uporabni\u0161kih profilih.<\/p>\n<h3 data-start=\"3049\" data-end=\"3121\">Pravice do dostopa, popravljanja in brisanja osebnih podatkov<\/h3>\n<p data-start=\"3122\" data-end=\"3412\">Imate pravico, da zahtevate dostop do osebnih podatkov, ki jih hranimo o vas, jih popravite ali izbri\u0161ete. Za to se lahko obrnete na nas preko kontaktnih informacij na na\u0161i spletni strani. \u010ce \u017eelite izvoziti svoje osebne podatke, lahko to zahtevate v skladu z zakonodajo o varstvu podatkov.<\/p>\n<h3 data-start=\"3414\" data-end=\"3443\">Varovanje podatkov<\/h3>\n<p data-start=\"3444\" data-end=\"3722\">Va\u0161e osebne podatke za\u0161\u010ditimo z ustreznimi tehni\u010dnimi in organizacijskimi ukrepi, da prepre\u010dimo nepoobla\u0161\u010den dostop, spremembe ali uni\u010denje podatkov. Vendar pa nobena metoda prenosa podatkov preko interneta ni 100 % varna, zato ne moremo jam\u010diti popolne varnosti va\u0161ih podatkov.<\/p>\n<h3 data-start=\"3724\" data-end=\"3764\">Spremembe politike zasebnosti<\/h3>\n<p data-start=\"3765\" data-end=\"3938\">Ob\u010dasno lahko posodobimo to politiko zasebnosti, da se prilagodimo novim zakonodajnim zahtevam ali spremembam v na\u0161ih storitvah. Vsaka sprememba bo objavljena na tej strani.<\/p>\n<h3 data-start=\"3940\" data-end=\"3969\">Kontaktirajte nas<\/h3>\n<p data-start=\"3970\" data-end=\"4130\">\u010ce imate kakr\u0161na koli vpra\u0161anja v zvezi z na\u0161o politiko zasebnosti ali obdelavo va\u0161ih osebnih podatkov, nas kontaktirajte na info@matt-pro.si .<\/p>\t\t\t\t\t\t\t\t<\/div>\n\t\t\t\t<\/div>\n\t\t\t\t\t<\/div>\n\t\t\t\t<\/div>\n\t\t\t\t<\/div>\n\t\t","protected":false},"excerpt":{"rendered":"<p>Pravila zasebnosti Va\u0161a zasebnost nam je zelo pomembna. V tem dokumentu vam pojasnjujemo, kako zbiramo, uporabljamo in za\u0161\u010ditimo va\u0161e osebne [&hellip;]<\/p>\n","protected":false},"author":1,"featured_media":0,"parent":0,"menu_order":0,"comment_status":"closed","ping_status":"closed","template":"elementor_header_footer","meta":{"site-sidebar-layout":"default","site-content-layout":"","ast-site-content-layout":"","site-content-style":"default","site-sidebar-style":"default","ast-global-header-display":"","ast-banner-title-visibility":"","ast-main-header-display":"","ast-hfb-above-header-display":"","ast-hfb-below-header-display":"","ast-hfb-mobile-header-display":"","site-post-title":"","ast-breadcrumbs-content":"","ast-featured-img":"","footer-sml-layout":"","theme-transparent-header-meta":"","adv-header-id-meta":"","stick-header-meta":"","header-above-stick-meta":"","header-main-stick-meta":"","header-below-stick-meta":"","astra-migrate-meta-layouts":"default","ast-page-background-enabled":"default","ast-page-background-meta":{"desktop":{"background-color":"var(--ast-global-color-5)","background-image":"","background-repeat":"repeat","background-position":"center center","background-size":"auto","background-attachment":"scroll","background-type":"","background-media":"","overlay-type":"","overlay-color":"","overlay-opacity":"","overlay-gradient":""},"tablet":{"background-color":"","background-image":"","background-repeat":"repeat","background-position":"center center","background-size":"auto","background-attachment":"scroll","background-type":"","background-media":"","overlay-type":"","overlay-color":"","overlay-opacity":"","overlay-gradient":""},"mobile":{"background-color":"","background-image":"","background-repeat":"repeat","background-position":"center center","background-size":"auto","background-attachment":"scroll","background-type":"","background-media":"","overlay-type":"","overlay-color":"","overlay-opacity":"","overlay-gradient":""}},"ast-content-background-meta":{"desktop":{"background-color":"var(--ast-global-color-4)","background-image":"","background-repeat":"repeat","background-position":"center center","background-size":"auto","background-attachment":"scroll","background-type":"","background-media":"","overlay-type":"","overlay-color":"","overlay-opacity":"","overlay-gradient":""},"tablet":{"background-color":"var(--ast-global-color-4)","background-image":"","background-repeat":"repeat","background-position":"center center","background-size":"auto","background-attachment":"scroll","background-type":"","background-media":"","overlay-type":"","overlay-color":"","overlay-opacity":"","overlay-gradient":""},"mobile":{"background-color":"var(--ast-global-color-4)","background-image":"","background-repeat":"repeat","background-position":"center center","background-size":"auto","background-attachment":"scroll","background-type":"","background-media":"","overlay-type":"","overlay-color":"","overlay-opacity":"","overlay-gradient":""}},"footnotes":""},"class_list":["post-3","page","type-page","status-publish","hentry"],"yoast_head":"<!-- This site is optimized with the Yoast SEO plugin v25.5 - https:\/\/yoast.com\/wordpress\/plugins\/seo\/ -->\n<title>Pravila zasebnosti - Matt-Pro<\/title>\n<meta name=\"description\" content=\"Preberite na\u0161o politiko zasebnosti, kjer pojasnjujemo, kako zbiramo, uporabljamo in za\u0161\u010ditimo va\u0161e osebne podatke. Zaupanje in varnost va\u0161ih podatkov sta nam zelo pomembna.\" \/>\n<meta name=\"robots\" content=\"index, follow, max-snippet:-1, max-image-preview:large, max-video-preview:-1\" \/>\n<link rel=\"canonical\" href=\"https:\/\/matt-pro.si\/de\/pravila-zasebnosti\/\" \/>\n<meta property=\"og:locale\" content=\"de_DE\" \/>\n<meta property=\"og:type\" content=\"article\" \/>\n<meta property=\"og:title\" content=\"Pravila zasebnosti - Matt-Pro\" \/>\n<meta property=\"og:description\" content=\"Preberite na\u0161o politiko zasebnosti, kjer pojasnjujemo, kako zbiramo, uporabljamo in za\u0161\u010ditimo va\u0161e osebne podatke. Zaupanje in varnost va\u0161ih podatkov sta nam zelo pomembna.\" \/>\n<meta property=\"og:url\" content=\"https:\/\/matt-pro.si\/de\/pravila-zasebnosti\/\" \/>\n<meta property=\"og:site_name\" content=\"Matt-Pro\" \/>\n<meta property=\"article:modified_time\" content=\"2025-04-02T18:25:39+00:00\" \/>\n<meta name=\"twitter:card\" content=\"summary_large_image\" \/>\n<meta name=\"twitter:label1\" content=\"Gesch\u00e4tzte Lesezeit\" \/>\n\t<meta name=\"twitter:data1\" content=\"3\u00a0Minuten\" \/>\n<script type=\"application\/ld+json\" class=\"yoast-schema-graph\">{\"@context\":\"https:\/\/schema.org\",\"@graph\":[{\"@type\":\"WebPage\",\"@id\":\"https:\/\/matt-pro.si\/pravila-zasebnosti\/\",\"url\":\"https:\/\/matt-pro.si\/pravila-zasebnosti\/\",\"name\":\"Pravila zasebnosti - Matt-Pro\",\"isPartOf\":{\"@id\":\"https:\/\/matt-pro.si\/#website\"},\"datePublished\":\"2024-10-23T17:12:53+00:00\",\"dateModified\":\"2025-04-02T18:25:39+00:00\",\"description\":\"Preberite na\u0161o politiko zasebnosti, kjer pojasnjujemo, kako zbiramo, uporabljamo in za\u0161\u010ditimo va\u0161e osebne podatke. Zaupanje in varnost va\u0161ih podatkov sta nam zelo pomembna.\",\"breadcrumb\":{\"@id\":\"https:\/\/matt-pro.si\/pravila-zasebnosti\/#breadcrumb\"},\"inLanguage\":\"de\",\"potentialAction\":[{\"@type\":\"ReadAction\",\"target\":[\"https:\/\/matt-pro.si\/pravila-zasebnosti\/\"]}]},{\"@type\":\"BreadcrumbList\",\"@id\":\"https:\/\/matt-pro.si\/pravila-zasebnosti\/#breadcrumb\",\"itemListElement\":[{\"@type\":\"ListItem\",\"position\":1,\"name\":\"Home\",\"item\":\"https:\/\/matt-pro.si\/\"},{\"@type\":\"ListItem\",\"position\":2,\"name\":\"Pravila zasebnosti\"}]},{\"@type\":\"WebSite\",\"@id\":\"https:\/\/matt-pro.si\/#website\",\"url\":\"https:\/\/matt-pro.si\/\",\"name\":\"Matt-Pro\",\"description\":\"Matt-Pro Spletna stran\",\"publisher\":{\"@id\":\"https:\/\/matt-pro.si\/#organization\"},\"potentialAction\":[{\"@type\":\"SearchAction\",\"target\":{\"@type\":\"EntryPoint\",\"urlTemplate\":\"https:\/\/matt-pro.si\/?s={search_term_string}\"},\"query-input\":{\"@type\":\"PropertyValueSpecification\",\"valueRequired\":true,\"valueName\":\"search_term_string\"}}],\"inLanguage\":\"de\"},{\"@type\":\"Organization\",\"@id\":\"https:\/\/matt-pro.si\/#organization\",\"name\":\"Matt-Pro\",\"url\":\"https:\/\/matt-pro.si\/\",\"logo\":{\"@type\":\"ImageObject\",\"inLanguage\":\"de\",\"@id\":\"https:\/\/matt-pro.si\/#\/schema\/logo\/image\/\",\"url\":\"https:\/\/matt-pro.si\/wp-content\/uploads\/2025\/02\/matt-pro-logotip-podjetja.png\",\"contentUrl\":\"https:\/\/matt-pro.si\/wp-content\/uploads\/2025\/02\/matt-pro-logotip-podjetja.png\",\"width\":175,\"height\":87,\"caption\":\"Matt-Pro\"},\"image\":{\"@id\":\"https:\/\/matt-pro.si\/#\/schema\/logo\/image\/\"}}]}<\/script>\n<!-- \/ Yoast SEO plugin. -->","yoast_head_json":{"title":"Pravila zasebnosti - Matt-Pro","description":"Preberite na\u0161o politiko zasebnosti, kjer pojasnjujemo, kako zbiramo, uporabljamo in za\u0161\u010ditimo va\u0161e osebne podatke. Zaupanje in varnost va\u0161ih podatkov sta nam zelo pomembna.","robots":{"index":"index","follow":"follow","max-snippet":"max-snippet:-1","max-image-preview":"max-image-preview:large","max-video-preview":"max-video-preview:-1"},"canonical":"https:\/\/matt-pro.si\/de\/pravila-zasebnosti\/","og_locale":"de_DE","og_type":"article","og_title":"Pravila zasebnosti - Matt-Pro","og_description":"Preberite na\u0161o politiko zasebnosti, kjer pojasnjujemo, kako zbiramo, uporabljamo in za\u0161\u010ditimo va\u0161e osebne podatke. Zaupanje in varnost va\u0161ih podatkov sta nam zelo pomembna.","og_url":"https:\/\/matt-pro.si\/de\/pravila-zasebnosti\/","og_site_name":"Matt-Pro","article_modified_time":"2025-04-02T18:25:39+00:00","twitter_card":"summary_large_image","twitter_misc":{"Gesch\u00e4tzte Lesezeit":"3\u00a0Minuten"},"schema":{"@context":"https:\/\/schema.org","@graph":[{"@type":"WebPage","@id":"https:\/\/matt-pro.si\/pravila-zasebnosti\/","url":"https:\/\/matt-pro.si\/pravila-zasebnosti\/","name":"Pravila zasebnosti - Matt-Pro","isPartOf":{"@id":"https:\/\/matt-pro.si\/#website"},"datePublished":"2024-10-23T17:12:53+00:00","dateModified":"2025-04-02T18:25:39+00:00","description":"Preberite na\u0161o politiko zasebnosti, kjer pojasnjujemo, kako zbiramo, uporabljamo in za\u0161\u010ditimo va\u0161e osebne podatke. Zaupanje in varnost va\u0161ih podatkov sta nam zelo pomembna.","breadcrumb":{"@id":"https:\/\/matt-pro.si\/pravila-zasebnosti\/#breadcrumb"},"inLanguage":"de","potentialAction":[{"@type":"ReadAction","target":["https:\/\/matt-pro.si\/pravila-zasebnosti\/"]}]},{"@type":"BreadcrumbList","@id":"https:\/\/matt-pro.si\/pravila-zasebnosti\/#breadcrumb","itemListElement":[{"@type":"ListItem","position":1,"name":"Home","item":"https:\/\/matt-pro.si\/"},{"@type":"ListItem","position":2,"name":"Pravila zasebnosti"}]},{"@type":"WebSite","@id":"https:\/\/matt-pro.si\/#website","url":"https:\/\/matt-pro.si\/","name":"Matt-Pro","description":"Matt-Pro Spletna stran","publisher":{"@id":"https:\/\/matt-pro.si\/#organization"},"potentialAction":[{"@type":"SearchAction","target":{"@type":"EntryPoint","urlTemplate":"https:\/\/matt-pro.si\/?s={search_term_string}"},"query-input":{"@type":"PropertyValueSpecification","valueRequired":true,"valueName":"search_term_string"}}],"inLanguage":"de"},{"@type":"Organization","@id":"https:\/\/matt-pro.si\/#organization","name":"Matt-Pro","url":"https:\/\/matt-pro.si\/","logo":{"@type":"ImageObject","inLanguage":"de","@id":"https:\/\/matt-pro.si\/#\/schema\/logo\/image\/","url":"https:\/\/matt-pro.si\/wp-content\/uploads\/2025\/02\/matt-pro-logotip-podjetja.png","contentUrl":"https:\/\/matt-pro.si\/wp-content\/uploads\/2025\/02\/matt-pro-logotip-podjetja.png","width":175,"height":87,"caption":"Matt-Pro"},"image":{"@id":"https:\/\/matt-pro.si\/#\/schema\/logo\/image\/"}}]}},"_links":{"self":[{"href":"https:\/\/matt-pro.si\/de\/wp-json\/wp\/v2\/pages\/3"}],"collection":[{"href":"https:\/\/matt-pro.si\/de\/wp-json\/wp\/v2\/pages"}],"about":[{"href":"https:\/\/matt-pro.si\/de\/wp-json\/wp\/v2\/types\/page"}],"author":[{"embeddable":true,"href":"https:\/\/matt-pro.si\/de\/wp-json\/wp\/v2\/users\/1"}],"replies":[{"embeddable":true,"href":"https:\/\/matt-pro.si\/de\/wp-json\/wp\/v2\/comments?post=3"}],"version-history":[{"count":3,"href":"https:\/\/matt-pro.si\/de\/wp-json\/wp\/v2\/pages\/3\/revisions"}],"predecessor-version":[{"id":6236,"href":"https:\/\/matt-pro.si\/de\/wp-json\/wp\/v2\/pages\/3\/revisions\/6236"}],"wp:attachment":[{"href":"https:\/\/matt-pro.si\/de\/wp-json\/wp\/v2\/media?parent=3"}],"curies":[{"name":"wp","href":"https:\/\/api.w.org\/{rel}","templated":true}]}}